{"id":2788,"date":"2025-06-24T10:31:34","date_gmt":"2025-06-24T10:31:34","guid":{"rendered":"http:\/\/www.agatakacperczyk.com\/?page_id=2788"},"modified":"2025-11-28T15:20:28","modified_gmt":"2025-11-28T15:20:28","slug":"tattoo-contact-form","status":"publish","type":"page","link":"https:\/\/www.agatakacperczyk.com\/de\/tattoo-contact-form\/","title":{"rendered":"Tattoo contact form"},"content":{"rendered":"<div class=\"wpb-content-wrapper\"><section id=\"ut-section-69e63e797cda9\" data-vc-full-width=\"true\" data-vc-full-width-init=\"false\" data-cursor-skin=\"global\" class=\"vc_section ut-vc-200 vc_section-has-no-fill ut-section-69e63e797cdba\"><div id=\"ut-row-69e63e797dd9a\" data-vc-full-width=\"true\" data-vc-full-width-init=\"false\" class=\"vc_row wpb_row vc_row-fluid vc_column-gap-0 ut-row-69e63e797dda9\" ><div class=\"wpb_column vc_column_container vc_col-sm-12\" ><div id=\"ut_inner_column_69e63e797ebf7\" class=\"vc_column-inner\" ><div class=\"wpb_wrapper\"><style type=\"text\/css\">#ut_custom_heading69e63e797ecf5 { font-family: Tahoma, Geneva, sans-serif; }#ut_custom_heading69e63e797ecf5 { font-size:30px !important; }#ut_custom_heading69e63e797ecf5 { text-align:center; }@media (min-width: 768px) and (max-width: 1024px) { #ut_custom_heading69e63e797ecf5 { text-align:center; } }@media (max-width: 767px) { #ut_custom_heading69e63e797ecf5 { text-align:center; } }<\/style><h1 id=\"ut_custom_heading69e63e797ecf5\" data-responsive-font=\"h1\" data-responsive-font-settings=\"{&quot;base-font-size&quot;:&quot;global&quot;,&quot;font-size&quot;:{&quot;desktop_large&quot;:&quot;30&quot;},&quot;base-line-height&quot;:&quot;global&quot;,&quot;base-letter-spacing&quot;:&quot;global&quot;}\" class=\"ut-custom-heading-module\" ><span class=\"\" >Buchen Sie Ihren Tattoo-Termin in Z\u00fcrich \u2013 bei einem erfahrenen T\u00e4towierer<\/span><\/h1>\r\n\t<div class=\"wpb_text_column wpb_content_element\" >\r\n\t\t<div class=\"wpb_wrapper\">\r\n\t\t\t<p style=\"text-align: center;\" data-start=\"703\" data-end=\"773\">Auf der Suche nach einem Fachmann <strong data-start=\"802\" data-end=\"829\">T\u00e4towierer in Z\u00fcrich<\/strong> Wer kreiert personalisierte, hochwertige Tattoos? Dann sind Sie hier richtig! Ich bin spezialisiert auf <strong data-start=\"921\" data-end=\"946\">individuelle Tattoo-Designs<\/strong> ma\u00dfgeschneidert auf Ihre Vision, erstellt mit Pr\u00e4zision und k\u00fcnstlerischem Flair in einem Studio in <strong data-start=\"1037\" data-end=\"1060\">Z\u00fcrich, Schweiz.<\/strong>.<\/p>\n<p style=\"text-align: center;\" data-start=\"1063\" data-end=\"1168\">Egal, ob Sie sich Ihr erstes Tattoo stechen lassen oder Ihre Sammlung erweitern, ich helfe Ihnen dabei, Ihre Idee zum Leben zu erwecken.<\/p>\n<p style=\"text-align: center;\" data-start=\"1170\" data-end=\"1212\"><strong data-start=\"1170\" data-end=\"1212\">So buchen Sie eine Tattoo-Sitzung in Z\u00fcrich<\/strong><\/p>\n<p style=\"text-align: center;\" data-start=\"1214\" data-end=\"1309\">Um Ihre Sitzung zu planen, f\u00fcllen Sie bitte das Kontaktformular aus oder senden Sie mir direkt eine Nachricht auf Instagram.<\/p>\n<p style=\"text-align: center;\" data-start=\"1311\" data-end=\"1367\">Geben Sie bei Ihrer Kontaktaufnahme bitte die folgenden Details an:<\/p>\n<p style=\"text-align: center;\" data-start=\"1371\" data-end=\"1454\">Was m\u00f6chtest du dir t\u00e4towieren lassen? Beschreibe deine Idee oder sende Referenzbilder.<\/p>\n<p style=\"text-align: center;\" data-start=\"1457\" data-end=\"1506\">Wo auf Ihrem K\u00f6rper soll das Tattoo platziert werden?<\/p>\n<p style=\"text-align: center;\" data-start=\"1509\" data-end=\"1543\">Ungef\u00e4hre Gr\u00f6\u00dfe in Zentimetern?<\/p>\n<p style=\"text-align: center;\" data-start=\"1509\" data-end=\"1543\">Bevorzugen Sie <strong data-start=\"1560\" data-end=\"1580\">Ein Schwarz und Grau<\/strong> oder <strong data-start=\"1584\" data-end=\"1600\">Farbtattoo<\/strong>?<\/p>\n<p style=\"text-align: center;\" data-start=\"1603\" data-end=\"1765\"><strong data-start=\"1603\" data-end=\"1639\">Bereit f\u00fcr ein Tattoo in Z\u00fcrich?<\/strong><br data-start=\"1639\" data-end=\"1642\" \/>F\u00fcllen Sie das Formular aus und ich melde mich bei Ihnen, um Ihnen die Verf\u00fcgbarkeit mitzuteilen. Ich freue mich darauf, gemeinsam mit Ihnen etwas Sch\u00f6nes zu schaffen!<\/p>\n\r\n\t\t<\/div>\r\n\t<\/div>\r\n\r\n<div id=\"vc-sep-69e63e7983ef2\" class=\"vc_separator wpb_content_element vc_separator_align_center vc_sep_width_100 vc_sep_border_width_5 vc_sep_pos_align_center vc_separator_no_text vc_sep_color_grey  wpb_content_element\" ><span class=\"vc_sep_holder vc_sep_holder_l\"><span  class=\"vc_sep_line\"><\/span><\/span><span class=\"vc_sep_holder vc_sep_holder_r\"><span  class=\"vc_sep_line\"><\/span><\/span>\r\n<\/div><style type=\"text\/css\">#ut_custom_heading69e63e7983f7e { font-family: Tahoma, Geneva, sans-serif; }#ut_custom_heading69e63e7983f7e { font-size:30px !important; }#ut_custom_heading69e63e7983f7e { text-align:left; }@media (min-width: 768px) and (max-width: 1024px) { #ut_custom_heading69e63e7983f7e { text-align:left; } }@media (max-width: 767px) { #ut_custom_heading69e63e7983f7e { text-align:left; } }<\/style><h1 id=\"ut_custom_heading69e63e7983f7e\" data-responsive-font=\"h1\" data-responsive-font-settings=\"{&quot;base-font-size&quot;:&quot;global&quot;,&quot;font-size&quot;:{&quot;desktop_large&quot;:&quot;30&quot;},&quot;base-line-height&quot;:&quot;global&quot;,&quot;base-letter-spacing&quot;:&quot;global&quot;}\" class=\"ut-custom-heading-module\" ><span class=\"\" >KONTAKTFORMULAR<\/span><\/h1><div id=\"ut_cf7_colors_69e63e7983ff7\" class=\"wpb_content_element\">\n<div class=\"wpcf7 no-js\" id=\"wpcf7-f5-o1\" lang=\"en-US\" dir=\"ltr\" data-wpcf7-id=\"5\">\n<div class=\"screen-reader-response\"><p role=\"status\" aria-live=\"polite\" aria-atomic=\"true\"><\/p> <ul><\/ul><\/div>\n<form action=\"\/de\/wp-json\/wp\/v2\/pages\/2788#wpcf7-f5-o1\" method=\"post\" class=\"wpcf7-form init\" aria-label=\"Contact form\" enctype=\"multipart\/form-data\" novalidate=\"novalidate\" data-status=\"init\" data-trp-original-action=\"\/de\/wp-json\/wp\/v2\/pages\/2788#wpcf7-f5-o1\">\n<fieldset class=\"hidden-fields-container\"><input type=\"hidden\" name=\"_wpcf7\" value=\"5\" \/><input type=\"hidden\" name=\"_wpcf7_version\" value=\"6.1.5\" \/><input type=\"hidden\" name=\"_wpcf7_locale\" value=\"en_US\" \/><input type=\"hidden\" name=\"_wpcf7_unit_tag\" value=\"wpcf7-f5-o1\" \/><input type=\"hidden\" name=\"_wpcf7_container_post\" value=\"0\" \/><input type=\"hidden\" name=\"_wpcf7_posted_data_hash\" value=\"\" \/>\n<\/fieldset>\n<label> Vor- und Nachname\n    <span class=\"wpcf7-form-control-wrap\" data-name=\"your-name\"><input size=\"40\" maxlength=\"400\" class=\"wpcf7-form-control wpcf7-text wpcf7-validates-as-required\" autocomplete=\"name\" aria-required=\"true\" aria-invalid=\"false\" value=\"\" type=\"text\" name=\"your-name\" \/><\/span> <\/label>\n\n<label> Ihre E-Mail (erforderlich)\n    <span class=\"wpcf7-form-control-wrap\" data-name=\"your-email\"><input size=\"40\" maxlength=\"400\" class=\"wpcf7-form-control wpcf7-email wpcf7-validates-as-required wpcf7-text wpcf7-validates-as-email\" aria-required=\"true\" aria-invalid=\"false\" value=\"\" type=\"email\" name=\"your-email\" \/><\/span> <\/label>\n\n<label> Thema\n    <span class=\"wpcf7-form-control-wrap\" data-name=\"your-subject\"><input size=\"40\" maxlength=\"400\" class=\"wpcf7-form-control wpcf7-text wpcf7-validates-as-required\" aria-required=\"true\" aria-invalid=\"false\" value=\"\" type=\"text\" name=\"your-subject\" \/><\/span> <\/label>\n\n<label> Ihre Anfrage (erforderlich)\n   <span class=\"wpcf7-form-control-wrap\" data-name=\"your-message\"><input size=\"40\" maxlength=\"400\" class=\"wpcf7-form-control wpcf7-text wpcf7-validates-as-required\" aria-required=\"true\" aria-invalid=\"false\" value=\"\" type=\"text\" name=\"your-message\" \/><\/span> <\/label>\n\n<span class=\"wpcf7-form-control-wrap\" data-name=\"file-336\"><input size=\"40\" class=\"wpcf7-form-control wpcf7-file\" accept=\"audio\/*,video\/*,image\/*\" aria-invalid=\"false\" type=\"file\" name=\"file-336\" \/><\/span>\n\n<input class=\"wpcf7-form-control wpcf7-submit has-spinner\" type=\"submit\" value=\"Schicken\" \/><div class=\"wpcf7-response-output\" aria-hidden=\"true\"><\/div>\n<input type=\"hidden\" name=\"trp-form-language\" value=\"de\"\/><\/form>\n<\/div>\n<\/div>\r\n<div id=\"vc-sep-69e63e7986238\" class=\"vc_separator wpb_content_element vc_separator_align_center vc_sep_width_100 vc_sep_border_width_5 vc_sep_pos_align_center vc_separator_no_text vc_sep_color_grey  wpb_content_element\" ><span class=\"vc_sep_holder vc_sep_holder_l\"><span  class=\"vc_sep_line\"><\/span><\/span><span class=\"vc_sep_holder vc_sep_holder_r\"><span  class=\"vc_sep_line\"><\/span><\/span>\r\n<\/div><div id=\"ut-row-inner-69e63e7986d1b\" class=\"vc_row wpb_row vc_inner vc_row-fluid vc_row-has-fill ut-row-inner-69e63e7986d31\" ><div  class=\"wpb_column vc_column_container vc_col-sm-12\"><div id=\"ut-column-inner-69e63e79879ff\" class=\"vc_column-inner vc_column-inner-nested\"><div class=\"wpb_wrapper\">\r\n\t<div class=\"wpb_text_column wpb_content_element\" >\r\n\t\t<div class=\"wpb_wrapper\">\r\n\t\t\t<p style=\"text-align: center;\"><span style=\"color: #ffffff;\"><strong>ABSOLUT ART Tattoo Studio<\/strong><\/span><br \/>\n<span style=\"color: #ffffff;\"><strong>Weinbergstrasse 52, 8006 Z\u00fcrich<\/strong><\/span><\/p>\n<p style=\"text-align: center;\"><span style=\"color: #ffffff;\">+41 76 515 00 65<\/span><\/p>\n<p style=\"text-align: center;\"><span style=\"color: #ffffff;\">E-mail:\u00a0<a style=\"color: #ffffff;\" href=\"mailto:kacperczykagata@icloud.com\">kacperczykagata@icloud.com<\/a><\/span><\/p>\n\r\n\t\t<\/div>\r\n\t<\/div>\r\n<\/div><\/div><\/div><style type=\"text\/css\">#ut-row-inner-69e63e7986d1b{background-color: #000000 !important;}<\/style><\/div><\/div><\/div><\/div><\/div><div class=\"vc_row-full-width vc_clearfix\"><\/div><a data-id=\"section-without-id\" class=\"ut-vc-offset-anchor-bottom\" name=\"section-without-id\"><\/a><style type=\"text\/css\">#ut-section-69e63e797cda9{padding-top: 0px !important;padding-bottom: 0px !important;} <\/style><\/section><div class=\"vc_row-full-width vc_clearfix\"><\/div>\n<\/div>","protected":false},"excerpt":{"rendered":"Book Your Tattoo Appointment in Z\u00fcrich \u2014 with Experienced Tattoo Artist Looking for a professional tattoo artist in Z\u00fcrich who creates personalized, high-quality tattoos? You\u2019re in the right place! I specialize in custom tattoo designs tailored to your vision, created with precision and artistic flair in a studio in Z\u00fcrich, Switzerland. Whether you're getting your [...]","protected":false},"author":1,"featured_media":0,"parent":0,"menu_order":0,"comment_status":"closed","ping_status":"closed","template":"","meta":{"footnotes":""},"class_list":["post-2788","page","type-page","status-publish","hentry"],"_links":{"self":[{"href":"https:\/\/www.agatakacperczyk.com\/de\/wp-json\/wp\/v2\/pages\/2788","targetHints":{"allow":["GET"]}}],"collection":[{"href":"https:\/\/www.agatakacperczyk.com\/de\/wp-json\/wp\/v2\/pages"}],"about":[{"href":"https:\/\/www.agatakacperczyk.com\/de\/wp-json\/wp\/v2\/types\/page"}],"author":[{"embeddable":true,"href":"https:\/\/www.agatakacperczyk.com\/de\/wp-json\/wp\/v2\/users\/1"}],"replies":[{"embeddable":true,"href":"https:\/\/www.agatakacperczyk.com\/de\/wp-json\/wp\/v2\/comments?post=2788"}],"version-history":[{"count":12,"href":"https:\/\/www.agatakacperczyk.com\/de\/wp-json\/wp\/v2\/pages\/2788\/revisions"}],"predecessor-version":[{"id":2790,"href":"https:\/\/www.agatakacperczyk.com\/de\/wp-json\/wp\/v2\/pages\/2788\/revisions\/2790"}],"wp:attachment":[{"href":"https:\/\/www.agatakacperczyk.com\/de\/wp-json\/wp\/v2\/media?parent=2788"}],"curies":[{"name":"wp","href":"https:\/\/api.w.org\/{rel}","templated":true}]}}